{"id":13135,"date":"2016-01-13T11:01:07","date_gmt":"2016-01-13T11:01:07","guid":{"rendered":"http:\/\/www2.viba.it\/estrusione_alluminio\/?page_id=13135"},"modified":"2025-07-08T07:45:50","modified_gmt":"2025-07-08T07:45:50","slug":"anlagen-und-technologie","status":"publish","type":"page","link":"https:\/\/www.viba.it\/estrusione_alluminio\/anlagen-und-technologie\/?lang=de","title":{"rendered":"Anlagen und Technologie"},"content":{"rendered":"<p><div class=\"fusion-fullwidth fullwidth-box fusion-builder-row-1 fusion-flex-container has-pattern-background has-mask-background fusion-parallax-fixed hundred-percent-fullwidth non-hundred-percent-height-scrolling\" style=\"--awb-border-sizes-top:0px;--awb-border-sizes-bottom:0px;--awb-border-sizes-left:0px;--awb-border-sizes-right:0px;--awb-border-radius-top-left:0px;--awb-border-radius-top-right:0px;--awb-border-radius-bottom-right:0px;--awb-border-radius-bottom-left:0px;--awb-padding-top:180px;--awb-padding-right:0px;--awb-padding-bottom:0px;--awb-padding-left:0px;--awb-margin-bottom:30px;--awb-min-height:500px;--awb-background-image:url(&quot;http:\/\/www.viba.it\/estrusione_alluminio\/wp-content\/uploads\/2015\/02\/1502_VIBA-prima-prova_035pp.jpg&quot;);--awb-background-size:cover;--awb-flex-wrap:wrap;background-attachment:fixed;\" ><div class=\"fusion-builder-row fusion-row fusion-flex-align-items-flex-start fusion-flex-content-wrap\" style=\"width:104% !important;max-width:104% !important;margin-left: calc(-4% \/ 2 );margin-right: calc(-4% \/ 2 );\"><div class=\"fusion-layout-column fusion_builder_column fusion-builder-column-0 fusion_builder_column_1_1 1_1 fusion-flex-column fusion-flex-align-self-flex-start fusion-column-no-min-height\" style=\"--awb-bg-size:cover;--awb-width-large:100%;--awb-margin-top-large:0px;--awb-spacing-right-large:1.92%;--awb-margin-bottom-large:0px;--awb-spacing-left-large:1.92%;--awb-width-medium:100%;--awb-spacing-right-medium:1.92%;--awb-spacing-left-medium:1.92%;--awb-width-small:100%;--awb-spacing-right-small:1.92%;--awb-spacing-left-small:1.92%;\"><div class=\"fusion-column-wrapper fusion-flex-justify-content-flex-start fusion-content-layout-column\"><div class=\"fusion-text fusion-text-1\"><h2 style=\"text-align: center;\"><span class=\"nero_trasparenza\" style=\"color: #ffffff; line-height: 2em;\">Die zwanzigj\u00e4hrige Erfahrung von VIBA S.p.A. kann auf eine Unternehmensgeschichte aus dem Anfang des 25en Jahrhunderts zur\u00fcckblicken.<\/span><\/h2>\n<\/div><\/div><\/div><\/div><\/div><div class=\"fusion-fullwidth fullwidth-box fusion-builder-row-2 fusion-flex-container nonhundred-percent-fullwidth non-hundred-percent-height-scrolling\" style=\"--awb-background-position:left top;--awb-border-sizes-top:0px;--awb-border-sizes-bottom:0px;--awb-border-sizes-left:0px;--awb-border-sizes-right:0px;--awb-border-radius-top-left:0px;--awb-border-radius-top-right:0px;--awb-border-radius-bottom-right:0px;--awb-border-radius-bottom-left:0px;--awb-padding-top:10px;--awb-padding-bottom:100px;--awb-background-color:#ffffff;--awb-flex-wrap:wrap;\" ><div class=\"fusion-builder-row fusion-row fusion-flex-align-items-flex-start fusion-flex-content-wrap\" style=\"max-width:1248px;margin-left: calc(-4% \/ 2 );margin-right: calc(-4% \/ 2 );\"><div class=\"fusion-layout-column fusion_builder_column fusion-builder-column-1 fusion_builder_column_1_1 1_1 fusion-flex-column fusion-flex-align-self-flex-start fusion-column-no-min-height\" style=\"--awb-bg-size:cover;--awb-width-large:100%;--awb-margin-top-large:0px;--awb-spacing-right-large:1.92%;--awb-margin-bottom-large:0px;--awb-spacing-left-large:1.92%;--awb-width-medium:100%;--awb-spacing-right-medium:1.92%;--awb-spacing-left-medium:1.92%;--awb-width-small:100%;--awb-spacing-right-small:1.92%;--awb-spacing-left-small:1.92%;\"><div class=\"fusion-column-wrapper fusion-flex-justify-content-flex-start fusion-content-layout-column\"><div class=\"fusion-title title fusion-title-1 fusion-sep-none fusion-title-text fusion-title-size-one\"><h1 class=\"fusion-title-heading title-heading-left\" style=\"margin:0;\"><h1 style=\"text-align:center;margin-bottom:20px\">Anlagen und Technologie<\/h1><\/h1><\/div><div class=\"fusion-text fusion-text-2\"><p>In den beiden Produktionsst\u00e4tten in San Zeno und Brescia stehen zwei Anlagen mit 1900 Ton Schliesskraft die bei einer kontinuierlichen und strengen Prozess\u00fcberwachung Viba in die Familie der exzellenten Presswerke positioniert.<\/p>\n<\/div><\/div><\/div><div class=\"fusion-layout-column fusion_builder_column fusion-builder-column-2 fusion_builder_column_1_1 1_1 fusion-flex-column fusion-flex-align-self-flex-start fusion-column-no-min-height\" style=\"--awb-bg-size:cover;--awb-width-large:100%;--awb-margin-top-large:0px;--awb-spacing-right-large:1.92%;--awb-margin-bottom-large:0px;--awb-spacing-left-large:1.92%;--awb-width-medium:100%;--awb-spacing-right-medium:1.92%;--awb-spacing-left-medium:1.92%;--awb-width-small:100%;--awb-spacing-right-small:1.92%;--awb-spacing-left-small:1.92%;\"><div class=\"fusion-column-wrapper fusion-flex-justify-content-flex-start fusion-content-layout-column\"><div class=\"fusion-image-carousel fusion-image-carousel-auto fusion-image-carousel-1 lightbox-enabled fusion-carousel-border\"><div class=\"awb-carousel awb-swiper awb-swiper-carousel\" data-autoplay=\"no\" data-columns=\"5\" data-itemmargin=\"13\" data-itemwidth=\"180\" data-touchscroll=\"no\" data-imagesize=\"auto\"><div class=\"swiper-wrapper awb-image-carousel-wrapper fusion-flex-align-items-center\"><div class=\"swiper-slide\"><div class=\"fusion-carousel-item-wrapper\"><div class=\"fusion-image-wrapper hover-type-none\"><a data-rel=\"iLightbox[image_carousel_1]\" href=\"http:\/\/www.viba.it\/estrusione_alluminio\/wp-content\/uploads\/2015\/03\/1502_VIBA-prima-prova_034_light.jpg\" target=\"_self\"><img decoding=\"async\" src=\"http:\/\/www.viba.it\/estrusione_alluminio\/wp-content\/uploads\/2015\/03\/1502_VIBA-prima-prova_034_light.jpg\" alt=\"aluminium extrusion\"\/><\/a><\/div><\/div><\/div><div class=\"swiper-slide\"><div class=\"fusion-carousel-item-wrapper\"><div class=\"fusion-image-wrapper hover-type-none\"><a data-rel=\"iLightbox[image_carousel_1]\" href=\"http:\/\/www.viba.it\/estrusione_alluminio\/wp-content\/uploads\/2012\/11\/1502_VIBA-prima-prova_010_lav.jpg\" target=\"_self\"><img decoding=\"async\" src=\"http:\/\/www.viba.it\/estrusione_alluminio\/wp-content\/uploads\/2012\/11\/1502_VIBA-prima-prova_010_lav.jpg\" alt=\"aluminium extrusion\"\/><\/a><\/div><\/div><\/div><div class=\"swiper-slide\"><div class=\"fusion-carousel-item-wrapper\"><div class=\"fusion-image-wrapper hover-type-none\"><a data-rel=\"iLightbox[image_carousel_1]\" href=\"http:\/\/www.viba.it\/estrusione_alluminio\/wp-content\/uploads\/2015\/01\/1502_VIBA-prima-prova_027.jpg\" target=\"_self\"><img decoding=\"async\" src=\"http:\/\/www.viba.it\/estrusione_alluminio\/wp-content\/uploads\/2015\/01\/1502_VIBA-prima-prova_027.jpg\" alt=\"aluminium extrusion\"\/><\/a><\/div><\/div><\/div><div class=\"swiper-slide\"><div class=\"fusion-carousel-item-wrapper\"><div class=\"fusion-image-wrapper hover-type-none\"><a data-rel=\"iLightbox[image_carousel_1]\" href=\"http:\/\/www.viba.it\/estrusione_alluminio\/wp-content\/uploads\/2015\/01\/Imballo-BS-1.jpg\" target=\"_self\"><img decoding=\"async\" src=\"http:\/\/www.viba.it\/estrusione_alluminio\/wp-content\/uploads\/2015\/01\/Imballo-BS-1.jpg\" alt=\"aluminium extrusion\"\/><\/a><\/div><\/div><\/div><div class=\"swiper-slide\"><div class=\"fusion-carousel-item-wrapper\"><div class=\"fusion-image-wrapper hover-type-none\"><a data-rel=\"iLightbox[image_carousel_1]\" href=\"http:\/\/www.viba.it\/estrusione_alluminio\/wp-content\/uploads\/2015\/01\/Impianto-BS-2.jpg\" target=\"_self\"><img decoding=\"async\" src=\"http:\/\/www.viba.it\/estrusione_alluminio\/wp-content\/uploads\/2015\/01\/Impianto-BS-2.jpg\" alt=\"aluminium extrusion\"\/><\/a><\/div><\/div><\/div><div class=\"swiper-slide\"><div class=\"fusion-carousel-item-wrapper\"><div class=\"fusion-image-wrapper hover-type-none\"><a data-rel=\"iLightbox[image_carousel_1]\" href=\"http:\/\/www.viba.it\/estrusione_alluminio\/wp-content\/uploads\/2015\/01\/Impianto-Generali-SZ-16.jpg\" target=\"_self\"><img decoding=\"async\" src=\"http:\/\/www.viba.it\/estrusione_alluminio\/wp-content\/uploads\/2015\/01\/Impianto-Generali-SZ-16.jpg\" alt=\"aluminium extrusion\"\/><\/a><\/div><\/div><\/div><div class=\"swiper-slide\"><div class=\"fusion-carousel-item-wrapper\"><div class=\"fusion-image-wrapper hover-type-none\"><a data-rel=\"iLightbox[image_carousel_1]\" href=\"http:\/\/www.viba.it\/estrusione_alluminio\/wp-content\/uploads\/2015\/01\/Impianto-Generali-SZ-6.jpg\" target=\"_self\"><img decoding=\"async\" src=\"http:\/\/www.viba.it\/estrusione_alluminio\/wp-content\/uploads\/2015\/01\/Impianto-Generali-SZ-6.jpg\" alt=\"aluminium extrusion\"\/><\/a><\/div><\/div><\/div><\/div><div class=\"awb-swiper-button awb-swiper-button-prev\"><i class=\"awb-icon-angle-left\" aria-hidden=\"true\"><\/i><\/div><div class=\"awb-swiper-button awb-swiper-button-next\"><i class=\"awb-icon-angle-right\" aria-hidden=\"true\"><\/i><\/div><\/div><\/div><\/div><\/div><\/div><\/div><div class=\"fusion-fullwidth fullwidth-box fusion-builder-row-3 fusion-flex-container hundred-percent-fullwidth non-hundred-percent-height-scrolling\" style=\"--awb-border-radius-top-left:0px;--awb-border-radius-top-right:0px;--awb-border-radius-bottom-right:0px;--awb-border-radius-bottom-left:0px;--awb-overflow:visible;--awb-padding-right:30px;--awb-padding-left:30px;--awb-flex-wrap:wrap;\" ><div class=\"fusion-builder-row fusion-row fusion-flex-align-items-flex-start fusion-flex-content-wrap\" style=\"width:104% !important;max-width:104% !important;margin-left: calc(-4% \/ 2 );margin-right: calc(-4% \/ 2 );\"><div class=\"fusion-layout-column fusion_builder_column fusion-builder-column-3 fusion_builder_column_1_1 1_1 fusion-flex-column fusion-flex-align-self-flex-start fusion-column-no-min-height\" style=\"--awb-bg-size:cover;--awb-width-large:100%;--awb-margin-top-large:0px;--awb-spacing-right-large:1.92%;--awb-margin-bottom-large:0px;--awb-spacing-left-large:1.92%;--awb-width-medium:100%;--awb-spacing-right-medium:1.92%;--awb-spacing-left-medium:1.92%;--awb-width-small:100%;--awb-spacing-right-small:1.92%;--awb-spacing-left-small:1.92%;\"><div class=\"fusion-column-wrapper fusion-flex-justify-content-flex-start fusion-content-layout-column\"><div class=\"fusion-section-separator section-separator triangle fusion-section-separator-1\" style=\"--awb-border-bottom:0px solid #ffffff;--awb-spacer-height:0px;--awb-svg-margin-left:1.92%;--awb-svg-margin-right:1.92%;--awb-svg-margin-left-medium:1.92%;--awb-svg-margin-right-medium:1.92%;--awb-svg-margin-left-small:1.92%;--awb-svg-margin-right-small:1.92%;--awb-icon-color:#ffffff;\"><div class=\"fusion-section-separator-svg\"><div class=\"divider-candy-arrow bottom\" style=\"top:0px;border-top-color: #ffffff;\"><\/div><div class=\"divider-candy bottom\" style=\"bottom:-20px;border-bottom:1px solid #ffffff;border-left:1px solid #ffffff;\"><\/div><\/div><div class=\"fusion-section-separator-spacer\"><div class=\"fusion-section-separator-spacer-height\"><\/div><\/div><\/div><\/div><\/div><\/div><\/div><div class=\"fusion-fullwidth fullwidth-box fusion-builder-row-4 fusion-flex-container fusion-parallax-fixed nonhundred-percent-fullwidth non-hundred-percent-height-scrolling\" style=\"--awb-background-position:left top;--awb-border-sizes-top:0px;--awb-border-sizes-bottom:0px;--awb-border-sizes-left:0px;--awb-border-sizes-right:0px;--awb-border-radius-top-left:0px;--awb-border-radius-top-right:0px;--awb-border-radius-bottom-right:0px;--awb-border-radius-bottom-left:0px;--awb-padding-top:180px;--awb-padding-bottom:180px;--awb-background-image:url(&quot;http:\/\/www.viba.it\/estrusione_alluminio\/wp-content\/uploads\/2015\/01\/Impianto-Generali-SZ-16.jpg&quot;);--awb-background-size:cover;--awb-flex-wrap:wrap;background-attachment:fixed;\" ><div class=\"fusion-builder-row fusion-row fusion-flex-align-items-flex-start fusion-flex-content-wrap\" style=\"max-width:1248px;margin-left: calc(-4% \/ 2 );margin-right: calc(-4% \/ 2 );\"><div class=\"fusion-layout-column fusion_builder_column fusion-builder-column-4 fusion_builder_column_1_1 1_1 fusion-flex-column fusion-flex-align-self-flex-start fusion-column-no-min-height\" style=\"--awb-bg-size:cover;--awb-width-large:100%;--awb-margin-top-large:0px;--awb-spacing-right-large:1.92%;--awb-margin-bottom-large:0px;--awb-spacing-left-large:1.92%;--awb-width-medium:100%;--awb-spacing-right-medium:1.92%;--awb-spacing-left-medium:1.92%;--awb-width-small:100%;--awb-spacing-right-small:1.92%;--awb-spacing-left-small:1.92%;\"><div class=\"fusion-column-wrapper fusion-flex-justify-content-flex-start fusion-content-layout-column\"><div class=\"fusion-text fusion-text-3\"><h2 style=\"text-align: center;\"><span class=\"nero_trasparenza\" style=\"color: #ffffff; line-height: 2em; padding: 2px;\">zwei Pressanlagen mit 1900 Ton Schliesskraft f\u00fcr 178 mm Durchmesser (7 Z\u00f6lle) Alu-Bolzen<\/span><\/h2>\n<\/div><div class=\"fusion-text fusion-text-4\"><h2 style=\"text-align: center;\"><span class=\"nero_trasparenza\" style=\"color: #ffffff; line-height: 2em; padding: 2px;\">zwei Produktionsst\u00e4tte f\u00fcr gesamt 20.000 Quadratmeter Oberfl\u00e4che<\/span><\/h2>\n<\/div><\/div><\/div><\/div><\/div><\/p>\n","protected":false},"excerpt":{"rendered":"","protected":false},"author":1,"featured_media":0,"parent":0,"menu_order":0,"comment_status":"open","ping_status":"open","template":"100-width.php","meta":{"footnotes":""},"_links":{"self":[{"href":"https:\/\/www.viba.it\/estrusione_alluminio\/wp-json\/wp\/v2\/pages\/13135"}],"collection":[{"href":"https:\/\/www.viba.it\/estrusione_alluminio\/wp-json\/wp\/v2\/pages"}],"about":[{"href":"https:\/\/www.viba.it\/estrusione_alluminio\/wp-json\/wp\/v2\/types\/page"}],"author":[{"embeddable":true,"href":"https:\/\/www.viba.it\/estrusione_alluminio\/wp-json\/wp\/v2\/users\/1"}],"replies":[{"embeddable":true,"href":"https:\/\/www.viba.it\/estrusione_alluminio\/wp-json\/wp\/v2\/comments?post=13135"}],"version-history":[{"count":14,"href":"https:\/\/www.viba.it\/estrusione_alluminio\/wp-json\/wp\/v2\/pages\/13135\/revisions"}],"predecessor-version":[{"id":15865,"href":"https:\/\/www.viba.it\/estrusione_alluminio\/wp-json\/wp\/v2\/pages\/13135\/revisions\/15865"}],"wp:attachment":[{"href":"https:\/\/www.viba.it\/estrusione_alluminio\/wp-json\/wp\/v2\/media?parent=13135"}],"curies":[{"name":"wp","href":"https:\/\/api.w.org\/{rel}","templated":true}]}}