{"id":16080,"date":"2025-12-15T08:17:30","date_gmt":"2025-12-15T08:17:30","guid":{"rendered":"https:\/\/www.viba.it\/estrusione_alluminio\/sosttedesco\/"},"modified":"2026-01-07T14:57:02","modified_gmt":"2026-01-07T14:57:02","slug":"nachhaltigkeit","status":"publish","type":"page","link":"https:\/\/www.viba.it\/estrusione_alluminio\/nachhaltigkeit\/?lang=de","title":{"rendered":"Nachhaltigkeit"},"content":{"rendered":"<p><div class=\"fusion-fullwidth fullwidth-box fusion-builder-row-1 fusion-flex-container has-pattern-background has-mask-background fusion-parallax-none hundred-percent-fullwidth non-hundred-percent-height-scrolling\" style=\"--awb-border-radius-top-left:0px;--awb-border-radius-top-right:0px;--awb-border-radius-bottom-right:0px;--awb-border-radius-bottom-left:0px;--awb-margin-bottom:30px;--awb-min-height:500px;--awb-background-image:url(&quot;https:\/\/www.viba.it\/estrusione_alluminio\/wp-content\/uploads\/2025\/11\/sostenibilita.jpg&quot;);--awb-background-size:cover;--awb-flex-wrap:wrap;\" ><div class=\"fusion-builder-row fusion-row fusion-flex-align-items-flex-start fusion-flex-content-wrap\" style=\"width:104% !important;max-width:104% !important;margin-left: calc(-4% \/ 2 );margin-right: calc(-4% \/ 2 );\"><div class=\"fusion-layout-column fusion_builder_column fusion-builder-column-0 fusion_builder_column_1_1 1_1 fusion-flex-column\" style=\"--awb-bg-size:cover;--awb-width-large:100%;--awb-margin-top-large:0px;--awb-spacing-right-large:1.92%;--awb-margin-bottom-large:20px;--awb-spacing-left-large:1.92%;--awb-width-medium:100%;--awb-order-medium:0;--awb-spacing-right-medium:1.92%;--awb-spacing-left-medium:1.92%;--awb-width-small:100%;--awb-order-small:0;--awb-spacing-right-small:1.92%;--awb-spacing-left-small:1.92%;\"><div class=\"fusion-column-wrapper fusion-column-has-shadow fusion-flex-justify-content-flex-start fusion-content-layout-column\"><\/div><\/div><\/div><\/div><div class=\"fusion-fullwidth fullwidth-box fusion-builder-row-2 fusion-flex-container has-pattern-background has-mask-background nonhundred-percent-fullwidth non-hundred-percent-height-scrolling\" style=\"--awb-border-radius-top-left:0px;--awb-border-radius-top-right:0px;--awb-border-radius-bottom-right:0px;--awb-border-radius-bottom-left:0px;--awb-flex-wrap:wrap;\" ><div class=\"fusion-builder-row fusion-row fusion-flex-align-items-flex-start fusion-flex-content-wrap\" style=\"max-width:1248px;margin-left: calc(-4% \/ 2 );margin-right: calc(-4% \/ 2 );\"><div class=\"fusion-layout-column fusion_builder_column fusion-builder-column-1 fusion_builder_column_1_2 1_2 fusion-flex-column\" style=\"--awb-bg-size:cover;--awb-width-large:50%;--awb-margin-top-large:0px;--awb-spacing-right-large:3.84%;--awb-margin-bottom-large:20px;--awb-spacing-left-large:3.84%;--awb-width-medium:50%;--awb-order-medium:0;--awb-spacing-right-medium:3.84%;--awb-spacing-left-medium:3.84%;--awb-width-small:100%;--awb-order-small:0;--awb-spacing-right-small:1.92%;--awb-spacing-left-small:1.92%;\" data-scroll-devices=\"small-visibility,medium-visibility,large-visibility\"><div class=\"fusion-column-wrapper fusion-column-has-shadow fusion-flex-justify-content-flex-start fusion-content-layout-column\"><div class=\"fusion-text fusion-text-1 fusion-text-no-margin\" style=\"--awb-margin-bottom:20px;\"><h1>Nachhaltigkeit f\u00fcr VIBA<\/h1>\n<\/div><div class=\"fusion-text fusion-text-2\"><p>Nachhaltigkeit ist f\u00fcr VIBA kein eigenst\u00e4ndiges Projekt: Es ist die Art und Weise, wie wir seit \u00fcber drei\u00dfig Jahren wachsen, produzieren und Werte schaffen. Es ist eine Verpflichtung, die aus unserer industriellen und famili\u00e4ren Identit\u00e4t, unserer Verbundenheit mit der Umgebung Brescia und unserem Respekt f\u00fcr die Menschen entsteht, die jeden Tag zu unserer Geschichte beitragen. Im Laufe der Zeit haben wir ein Entwicklungsmodell aufgebaut, das auf Qualit\u00e4t, Innovation und Verantwortung basiert. Heute nimmt dieser Weg Gestalt an in einem strukturierten Ansatz f\u00fcr \u00f6kologische, soziale und wirtschaftliche Nachhaltigkeit, der den internationalen Standards und den Erwartungen unserer Stakeholder entspricht.<\/p>\n<\/div><\/div><\/div><div class=\"fusion-layout-column fusion_builder_column fusion-builder-column-2 fusion_builder_column_1_2 1_2 fusion-flex-column\" style=\"--awb-bg-size:cover;--awb-width-large:50%;--awb-margin-top-large:0px;--awb-spacing-right-large:3.84%;--awb-margin-bottom-large:20px;--awb-spacing-left-large:3.84%;--awb-width-medium:50%;--awb-order-medium:0;--awb-spacing-right-medium:3.84%;--awb-spacing-left-medium:3.84%;--awb-width-small:100%;--awb-order-small:0;--awb-spacing-right-small:1.92%;--awb-spacing-left-small:1.92%;\" data-scroll-devices=\"small-visibility,medium-visibility,large-visibility\"><div class=\"fusion-column-wrapper fusion-column-has-shadow fusion-flex-justify-content-flex-start fusion-content-layout-column\"><div class=\"fusion-image-element \" style=\"--awb-mask-url: url(https:\/\/www.viba.it\/estrusione_alluminio\/wp-content\/plugins\/fusion-builder\/\/assets\/images\/masks\/mask-8.svg);--awb-caption-title-font-family:var(--h2_typography-font-family);--awb-caption-title-font-weight:var(--h2_typography-font-weight);--awb-caption-title-font-style:var(--h2_typography-font-style);--awb-caption-title-size:var(--h2_typography-font-size);--awb-caption-title-transform:var(--h2_typography-text-transform);--awb-caption-title-line-height:var(--h2_typography-line-height);--awb-caption-title-letter-spacing:var(--h2_typography-letter-spacing);\"><span class=\" fusion-imageframe imageframe-none imageframe-1 hover-type-none has-mask\"><img decoding=\"async\" width=\"1280\" height=\"853\" src=\"https:\/\/www.viba.it\/estrusione_alluminio\/wp-content\/uploads\/2025\/11\/tree-5725540_1280_2.jpg\" alt class=\"img-responsive wp-image-16060\" srcset=\"https:\/\/www.viba.it\/estrusione_alluminio\/wp-content\/uploads\/2025\/11\/tree-5725540_1280_2-200x133.jpg 200w, https:\/\/www.viba.it\/estrusione_alluminio\/wp-content\/uploads\/2025\/11\/tree-5725540_1280_2-400x267.jpg 400w, https:\/\/www.viba.it\/estrusione_alluminio\/wp-content\/uploads\/2025\/11\/tree-5725540_1280_2-600x400.jpg 600w, https:\/\/www.viba.it\/estrusione_alluminio\/wp-content\/uploads\/2025\/11\/tree-5725540_1280_2-800x533.jpg 800w, https:\/\/www.viba.it\/estrusione_alluminio\/wp-content\/uploads\/2025\/11\/tree-5725540_1280_2-1200x800.jpg 1200w, https:\/\/www.viba.it\/estrusione_alluminio\/wp-content\/uploads\/2025\/11\/tree-5725540_1280_2.jpg 1280w\" sizes=\"(max-width: 640px) 100vw, 600px\" \/><\/span><\/div><\/div><\/div><\/div><\/div><div class=\"fusion-fullwidth fullwidth-box fusion-builder-row-3 fusion-flex-container has-pattern-background has-mask-background nonhundred-percent-fullwidth non-hundred-percent-height-scrolling\" style=\"--awb-border-radius-top-left:0px;--awb-border-radius-top-right:0px;--awb-border-radius-bottom-right:0px;--awb-border-radius-bottom-left:0px;--awb-margin-top:50px;--awb-flex-wrap:wrap;\" ><div class=\"fusion-builder-row fusion-row fusion-flex-align-items-flex-start fusion-flex-content-wrap\" style=\"max-width:1248px;margin-left: calc(-4% \/ 2 );margin-right: calc(-4% \/ 2 );\"><div class=\"fusion-layout-column fusion_builder_column fusion-builder-column-3 fusion_builder_column_1_2 1_2 fusion-flex-column\" style=\"--awb-bg-size:cover;--awb-width-large:50%;--awb-margin-top-large:0px;--awb-spacing-right-large:3.84%;--awb-margin-bottom-large:20px;--awb-spacing-left-large:3.84%;--awb-width-medium:50%;--awb-order-medium:0;--awb-spacing-right-medium:3.84%;--awb-spacing-left-medium:3.84%;--awb-width-small:100%;--awb-order-small:0;--awb-spacing-right-small:1.92%;--awb-spacing-left-small:1.92%;\"><div class=\"fusion-column-wrapper fusion-column-has-shadow fusion-flex-justify-content-flex-start fusion-content-layout-column\"><div class=\"fusion-image-element \" style=\"--awb-mask-url: url(https:\/\/www.viba.it\/estrusione_alluminio\/wp-content\/plugins\/fusion-builder\/\/assets\/images\/masks\/mask-8.svg);--awb-caption-title-font-family:var(--h2_typography-font-family);--awb-caption-title-font-weight:var(--h2_typography-font-weight);--awb-caption-title-font-style:var(--h2_typography-font-style);--awb-caption-title-size:var(--h2_typography-font-size);--awb-caption-title-transform:var(--h2_typography-text-transform);--awb-caption-title-line-height:var(--h2_typography-line-height);--awb-caption-title-letter-spacing:var(--h2_typography-letter-spacing);\"><span class=\" fusion-imageframe imageframe-none imageframe-2 hover-type-none has-mask\"><img decoding=\"async\" width=\"1280\" height=\"853\" src=\"https:\/\/www.viba.it\/estrusione_alluminio\/wp-content\/uploads\/2025\/11\/nature-3294632_1280_1.jpg\" alt class=\"img-responsive wp-image-16056\" srcset=\"https:\/\/www.viba.it\/estrusione_alluminio\/wp-content\/uploads\/2025\/11\/nature-3294632_1280_1-200x133.jpg 200w, https:\/\/www.viba.it\/estrusione_alluminio\/wp-content\/uploads\/2025\/11\/nature-3294632_1280_1-400x267.jpg 400w, https:\/\/www.viba.it\/estrusione_alluminio\/wp-content\/uploads\/2025\/11\/nature-3294632_1280_1-600x400.jpg 600w, https:\/\/www.viba.it\/estrusione_alluminio\/wp-content\/uploads\/2025\/11\/nature-3294632_1280_1-800x533.jpg 800w, https:\/\/www.viba.it\/estrusione_alluminio\/wp-content\/uploads\/2025\/11\/nature-3294632_1280_1-1200x800.jpg 1200w, https:\/\/www.viba.it\/estrusione_alluminio\/wp-content\/uploads\/2025\/11\/nature-3294632_1280_1.jpg 1280w\" sizes=\"(max-width: 640px) 100vw, 600px\" \/><\/span><\/div><\/div><\/div><div class=\"fusion-layout-column fusion_builder_column fusion-builder-column-4 fusion_builder_column_1_2 1_2 fusion-flex-column\" style=\"--awb-bg-size:cover;--awb-width-large:50%;--awb-margin-top-large:0px;--awb-spacing-right-large:3.84%;--awb-margin-bottom-large:20px;--awb-spacing-left-large:3.84%;--awb-width-medium:50%;--awb-order-medium:0;--awb-spacing-right-medium:3.84%;--awb-spacing-left-medium:3.84%;--awb-width-small:100%;--awb-order-small:0;--awb-spacing-right-small:1.92%;--awb-spacing-left-small:1.92%;\"><div class=\"fusion-column-wrapper fusion-column-has-shadow fusion-flex-justify-content-flex-start fusion-content-layout-column\"><div class=\"fusion-text fusion-text-3 fusion-text-no-margin\" style=\"--awb-margin-bottom:20px;\"><h1>Umweltbelastung<\/h1>\n<\/div><div class=\"fusion-text fusion-text-4\"><p>Die Verringerung der Umweltbelastung, die Wertsch\u00e4tzung der Menschen, integres Arbeiten und die Schaffung gemeinsamer Werte sind die S\u00e4ulen, die alle unsere Entscheidungen leiten. Von der effizienten Energie- und Ressourcenverwaltung bis zur F\u00f6rderung der Kreislaufwirtschaft, von der Sicherheit am Arbeitsplatz bis zur kontinuierlichen Weiterbildung, vom Dialog mit der Region bis zur Transparenz der Unternehmensf\u00fchrung: Nachhaltigkeit ist ein integraler Bestandteil jeder Phase unserer T\u00e4tigkeit.<\/p>\n<\/div><\/div><\/div><\/div><\/div><div class=\"fusion-fullwidth fullwidth-box fusion-builder-row-4 fusion-flex-container has-pattern-background has-mask-background nonhundred-percent-fullwidth non-hundred-percent-height-scrolling\" style=\"--awb-border-radius-top-left:0px;--awb-border-radius-top-right:0px;--awb-border-radius-bottom-right:0px;--awb-border-radius-bottom-left:0px;--awb-margin-top:70px;--awb-flex-wrap:wrap;\" ><div class=\"fusion-builder-row fusion-row fusion-flex-align-items-flex-start fusion-flex-content-wrap\" style=\"max-width:1248px;margin-left: calc(-4% \/ 2 );margin-right: calc(-4% \/ 2 );\"><div class=\"fusion-layout-column fusion_builder_column fusion-builder-column-5 fusion_builder_column_1_2 1_2 fusion-flex-column\" style=\"--awb-bg-size:cover;--awb-width-large:50%;--awb-margin-top-large:0px;--awb-spacing-right-large:3.84%;--awb-margin-bottom-large:20px;--awb-spacing-left-large:3.84%;--awb-width-medium:50%;--awb-order-medium:0;--awb-spacing-right-medium:3.84%;--awb-spacing-left-medium:3.84%;--awb-width-small:100%;--awb-order-small:0;--awb-spacing-right-small:1.92%;--awb-spacing-left-small:1.92%;\" data-scroll-devices=\"small-visibility,medium-visibility,large-visibility\"><div class=\"fusion-column-wrapper fusion-column-has-shadow fusion-flex-justify-content-flex-start fusion-content-layout-column\"><div class=\"fusion-text fusion-text-5 fusion-text-no-margin\" style=\"--awb-margin-bottom:20px;\"><h1>Nachhaltigkeitsbericht<\/h1>\n<\/div><div class=\"fusion-text fusion-text-6\"><p>F\u00fcr uns bedeutet Nachhaltigkeit, dauerhaften Wert zu schaffen: f\u00fcr Menschen, f\u00fcr Kunden, f\u00fcr die Gemeinschaft und f\u00fcr kommende Generationen. M\u00f6chten Sie mehr \u00fcber unseren Weg erfahren? Sie k\u00f6nnen den vollst\u00e4ndigen Nachhaltigkeitsbericht herunterladen, indem Sie das untenstehende Formular ausf\u00fcllen.<\/p>\n<\/div><div class=\"fusion-text fusion-text-7\" style=\"--awb-margin-top:20px;\"><div style=\"background-color: #d9ebfa; color: #000; padding: 50px;\">\n<div class=\"wpcf7 no-js\" id=\"wpcf7-f16095-o1\" lang=\"de-DE\" dir=\"ltr\">\n<div class=\"screen-reader-response\"><p role=\"status\" aria-live=\"polite\" aria-atomic=\"true\"><\/p> <ul><\/ul><\/div>\n<form action=\"\/estrusione_alluminio\/wp-json\/wp\/v2\/pages\/16080#wpcf7-f16095-o1\" method=\"post\" class=\"wpcf7-form init\" aria-label=\"Kontaktformular\" novalidate=\"novalidate\" data-status=\"init\">\n<div style=\"display: none;\">\n<input type=\"hidden\" name=\"_wpcf7\" value=\"16095\" \/>\n<input type=\"hidden\" name=\"_wpcf7_version\" value=\"5.9.3\" \/>\n<input type=\"hidden\" name=\"_wpcf7_locale\" value=\"de_DE\" \/>\n<input type=\"hidden\" name=\"_wpcf7_unit_tag\" value=\"wpcf7-f16095-o1\" \/>\n<input type=\"hidden\" name=\"_wpcf7_container_post\" value=\"0\" \/>\n<input type=\"hidden\" name=\"_wpcf7_posted_data_hash\" value=\"\" \/>\n<input type=\"hidden\" name=\"_wpcf7_recaptcha_response\" value=\"\" \/>\n<\/div>\n<p><span style=\"font-size:11px; color:#000000\"> (Alle Campi sind obligatorisch)<\/span><br \/>\n<span class=\"wpcf7-form-control-wrap\" data-name=\"your-name\"><input size=\"40\" class=\"wpcf7-form-control wpcf7-text wpcf7-validates-as-required\" aria-required=\"true\" aria-invalid=\"false\" placeholder=\"Name\" value=\"\" type=\"text\" name=\"your-name\" \/><\/span>\n<\/p>\n<p><br \/>\n<span class=\"wpcf7-form-control-wrap\" data-name=\"your-email\"><input size=\"40\" class=\"wpcf7-form-control wpcf7-email wpcf7-validates-as-required wpcf7-text wpcf7-validates-as-email\" aria-required=\"true\" aria-invalid=\"false\" placeholder=\"Email\" value=\"\" type=\"email\" name=\"your-email\" \/><\/span>\n<\/p>\n<p><br \/>\n<span class=\"wpcf7-form-control-wrap\" data-name=\"your-subject\"><input size=\"40\" class=\"wpcf7-form-control wpcf7-text wpcf7-validates-as-required\" aria-required=\"true\" aria-invalid=\"false\" placeholder=\"Firma\" value=\"\" type=\"text\" name=\"your-subject\" \/><\/span>\n<\/p>\n<p><span class=\"wpcf7-form-control-wrap\" data-name=\"dati_personali\"><span class=\"wpcf7-form-control wpcf7-acceptance\"><span class=\"wpcf7-list-item\"><label><input type=\"checkbox\" name=\"dati_personali\" value=\"1\" aria-invalid=\"false\" \/><span class=\"wpcf7-list-item-label\">Ich stimme mit der Verarbeitung personenbezogener<\/span><\/label><\/span><\/span><\/span><br \/>\n<span style=\"font-size:11px; color:#000;\"><a href=\"\/estrusione_alluminio\/wp-content\/uploads\/informativa\/informativa_privacy.pdf\" target=\"_blank\"><span style=\"font-size:11px; color:#000;\"><u>Datenschutzgesetz<\/u><\/span><\/a> ,ehemals Artikel 13 der Verordnung (EU) 2016\/679<\/span>\n<\/p>\n<p><input class=\"wpcf7-form-control wpcf7-submit has-spinner\" type=\"submit\" value=\"senden\" \/>\n<\/p><div class=\"fusion-alert alert custom alert-custom fusion-alert-center wpcf7-response-output awb-alert-native-link-color alert-dismissable awb-alert-close-boxed\" style=\"--awb-border-size:1px;--awb-border-top-left-radius:0px;--awb-border-top-right-radius:0px;--awb-border-bottom-left-radius:0px;--awb-border-bottom-right-radius:0px;\" role=\"alert\"><div class=\"fusion-alert-content-wrapper\"><span class=\"fusion-alert-content\"><\/span><\/div><button type=\"button\" class=\"close toggle-alert\" data-dismiss=\"alert\" aria-label=\"Close\">&times;<\/button><\/div>\n<\/form>\n<\/div>\n<\/div>\n<\/div><\/div><\/div><div class=\"fusion-layout-column fusion_builder_column fusion-builder-column-6 fusion_builder_column_1_2 1_2 fusion-flex-column\" style=\"--awb-bg-size:cover;--awb-width-large:50%;--awb-margin-top-large:0px;--awb-spacing-right-large:3.84%;--awb-margin-bottom-large:20px;--awb-spacing-left-large:3.84%;--awb-width-medium:50%;--awb-order-medium:0;--awb-spacing-right-medium:3.84%;--awb-spacing-left-medium:3.84%;--awb-width-small:100%;--awb-order-small:0;--awb-spacing-right-small:1.92%;--awb-spacing-left-small:1.92%;\" data-scroll-devices=\"small-visibility,medium-visibility,large-visibility\"><div class=\"fusion-column-wrapper fusion-column-has-shadow fusion-flex-justify-content-flex-start fusion-content-layout-column\"><div class=\"fusion-image-element \" style=\"text-align:center;--awb-max-width:300px;--awb-caption-title-font-family:var(--h2_typography-font-family);--awb-caption-title-font-weight:var(--h2_typography-font-weight);--awb-caption-title-font-style:var(--h2_typography-font-style);--awb-caption-title-size:var(--h2_typography-font-size);--awb-caption-title-transform:var(--h2_typography-text-transform);--awb-caption-title-line-height:var(--h2_typography-line-height);--awb-caption-title-letter-spacing:var(--h2_typography-letter-spacing);\"><span class=\" fusion-imageframe imageframe-none imageframe-3 hover-type-none\" style=\"border:2px solid #025ca4;\"><img decoding=\"async\" width=\"600\" height=\"849\" title=\"sostenibilita_copertina\" src=\"https:\/\/www.viba.it\/estrusione_alluminio\/wp-content\/uploads\/2025\/11\/sostenibilita_copertina.jpg\" alt class=\"img-responsive wp-image-16037\" srcset=\"https:\/\/www.viba.it\/estrusione_alluminio\/wp-content\/uploads\/2025\/11\/sostenibilita_copertina-200x283.jpg 200w, https:\/\/www.viba.it\/estrusione_alluminio\/wp-content\/uploads\/2025\/11\/sostenibilita_copertina-400x566.jpg 400w, https:\/\/www.viba.it\/estrusione_alluminio\/wp-content\/uploads\/2025\/11\/sostenibilita_copertina.jpg 600w\" sizes=\"(max-width: 640px) 100vw, 600px\" \/><\/span><\/div><\/div><\/div><\/div><\/div><\/p>\n","protected":false},"excerpt":{"rendered":"","protected":false},"author":1,"featured_media":0,"parent":0,"menu_order":0,"comment_status":"closed","ping_status":"closed","template":"100-width.php","meta":{"footnotes":""},"_links":{"self":[{"href":"https:\/\/www.viba.it\/estrusione_alluminio\/wp-json\/wp\/v2\/pages\/16080"}],"collection":[{"href":"https:\/\/www.viba.it\/estrusione_alluminio\/wp-json\/wp\/v2\/pages"}],"about":[{"href":"https:\/\/www.viba.it\/estrusione_alluminio\/wp-json\/wp\/v2\/types\/page"}],"author":[{"embeddable":true,"href":"https:\/\/www.viba.it\/estrusione_alluminio\/wp-json\/wp\/v2\/users\/1"}],"replies":[{"embeddable":true,"href":"https:\/\/www.viba.it\/estrusione_alluminio\/wp-json\/wp\/v2\/comments?post=16080"}],"version-history":[{"count":5,"href":"https:\/\/www.viba.it\/estrusione_alluminio\/wp-json\/wp\/v2\/pages\/16080\/revisions"}],"predecessor-version":[{"id":16142,"href":"https:\/\/www.viba.it\/estrusione_alluminio\/wp-json\/wp\/v2\/pages\/16080\/revisions\/16142"}],"wp:attachment":[{"href":"https:\/\/www.viba.it\/estrusione_alluminio\/wp-json\/wp\/v2\/media?parent=16080"}],"curies":[{"name":"wp","href":"https:\/\/api.w.org\/{rel}","templated":true}]}}